{"id":62,"date":"2023-06-26T20:32:37","date_gmt":"2023-06-26T18:32:37","guid":{"rendered":"http:\/\/wondermariette.com\/?page_id=62"},"modified":"2023-09-19T20:00:59","modified_gmt":"2023-09-19T18:00:59","slug":"wondermariette","status":"publish","type":"page","link":"https:\/\/wondermariette.com\/","title":{"rendered":"Accueil"},"content":{"rendered":"\t\t<div data-elementor-type=\"wp-page\" data-elementor-id=\"62\" class=\"elementor elementor-62\">\n\t\t\t\t\t\t<section class=\"elementor-section elementor-top-section elementor-element elementor-element-8058291 elementor-section-boxed elementor-section-height-default elementor-section-height-default wpr-particle-no wpr-jarallax-no wpr-parallax-no wpr-sticky-section-no\" data-id=\"8058291\" data-element_type=\"section\" data-e-type=\"section\">\n\t\t\t\t\t\t\t<div class=\"elementor-background-overlay\"><\/div>\n\t\t\t\t\t\t\t<div class=\"elementor-container elementor-column-gap-default\">\n\t\t\t\t\t<div class=\"elementor-column elementor-col-50 elementor-top-column elementor-element elementor-element-ebe26ed\" data-id=\"ebe26ed\" data-element_type=\"column\" data-e-type=\"column\">\n\t\t\t<div class=\"elementor-widget-wrap elementor-element-populated\">\n\t\t\t\t\t\t<div class=\"elementor-element elementor-element-9b29e9f elementor-widget elementor-widget-heading\" data-id=\"9b29e9f\" data-element_type=\"widget\" data-e-type=\"widget\" data-widget_type=\"heading.default\">\n\t\t\t\t<div class=\"elementor-widget-container\">\n\t\t\t\t\t<h2 class=\"elementor-heading-title elementor-size-default\"><br><br><br><br><br><br><br><br><br><br><br><br><br>\"Je t'emm\u00e8ne avec moi grand-m\u00e8re, ou peut-\u00eatre est-ce toi qui m'emm\u00e8nes? Montre-moi les d\u00e9cennies que tu as travers\u00e9es et je t'offrirai la vie que tu aurais souhait\u00e9e, par\u00e9e de mille plumes de ta basse-cour et des perles abandonn\u00e9es dans tes tiroirs\"<\/h2>\t\t\t\t<\/div>\n\t\t\t\t<\/div>\n\t\t\t\t<div class=\"elementor-element elementor-element-8c67ab0 elementor-widget elementor-widget-button\" data-id=\"8c67ab0\" data-element_type=\"widget\" data-e-type=\"widget\" data-widget_type=\"button.default\">\n\t\t\t\t<div class=\"elementor-widget-container\">\n\t\t\t\t\t\t\t\t\t<div class=\"elementor-button-wrapper\">\n\t\t\t\t\t<a class=\"elementor-button elementor-button-link elementor-size-sm\" href=\"http:\/\/wondermariette.com\/index.php\/a-propos-de\/\">\n\t\t\t\t\t\t<span class=\"elementor-button-content-wrapper\">\n\t\t\t\t\t\t\t\t\t<span class=\"elementor-button-text\">Mieux nous conna\u00eetre... <\/span>\n\t\t\t\t\t<\/span>\n\t\t\t\t\t<\/a>\n\t\t\t\t<\/div>\n\t\t\t\t\t\t\t\t<\/div>\n\t\t\t\t<\/div>\n\t\t\t\t\t<\/div>\n\t\t<\/div>\n\t\t\t\t<div class=\"elementor-column elementor-col-50 elementor-top-column elementor-element elementor-element-2e25535\" data-id=\"2e25535\" data-element_type=\"column\" data-e-type=\"column\">\n\t\t\t<div class=\"elementor-widget-wrap elementor-element-populated\">\n\t\t\t\t\t\t<div class=\"elementor-element elementor-element-0d02dd5 elementor-widget elementor-widget-video\" data-id=\"0d02dd5\" data-element_type=\"widget\" data-e-type=\"widget\" data-settings=\"{&quot;video_type&quot;:&quot;hosted&quot;,&quot;start&quot;:10,&quot;end&quot;:16,&quot;autoplay&quot;:&quot;yes&quot;,&quot;play_on_mobile&quot;:&quot;yes&quot;,&quot;mute&quot;:&quot;yes&quot;,&quot;loop&quot;:&quot;yes&quot;}\" data-widget_type=\"video.default\">\n\t\t\t\t<div class=\"elementor-widget-container\">\n\t\t\t\t\t\t\t<div class=\"e-hosted-video elementor-wrapper elementor-open-inline\">\n\t\t\t\t\t<video class=\"elementor-video\" src=\"http:\/\/wondermariette.com\/wp-content\/uploads\/2023\/08\/IMG_5700.mov#t=10,16\" autoplay=\"\" loop=\"\" muted=\"muted\" playsinline=\"\"><\/video>\n\t\t\t\t<\/div>\n\t\t\t\t\t\t<\/div>\n\t\t\t\t<\/div>\n\t\t\t\t\t<\/div>\n\t\t<\/div>\n\t\t\t\t\t<\/div>\n\t\t<\/section>\n\t\t\t\t<\/div>\n\t\t","protected":false},"excerpt":{"rendered":"<p>&#8220;Je t&#8217;emm\u00e8ne avec moi grand-m\u00e8re, ou peut-\u00eatre est-ce toi qui m&#8217;emm\u00e8nes? Montre-moi les d\u00e9cennies que tu as travers\u00e9es et je t&#8217;offrirai la vie que tu aurais souhait\u00e9e, par\u00e9e de mille plumes de ta basse-cour et des perles abandonn\u00e9es dans tes tiroirs&#8221; Mieux nous conna\u00eetre&#8230; http:\/\/wondermariette.com\/wp-content\/uploads\/2023\/08\/IMG_5700.mov#t=10,16<\/p>\n","protected":false},"author":1,"featured_media":0,"parent":0,"menu_order":0,"comment_status":"closed","ping_status":"closed","template":"page-templates\/template-pagebuilder-full-width.php","meta":{"neve_meta_sidebar":"","neve_meta_container":"","neve_meta_enable_content_width":"","neve_meta_content_width":0,"neve_meta_title_alignment":"","neve_meta_author_avatar":"","neve_post_elements_order":"","neve_meta_disable_header":"","neve_meta_disable_footer":"on","neve_meta_disable_title":"on","footnotes":""},"class_list":["post-62","page","type-page","status-publish","hentry"],"yoast_head":"<!-- This site is optimized with the Yoast SEO plugin v20.9 - https:\/\/yoast.com\/wordpress\/plugins\/seo\/ -->\n<title>Wondermariette<\/title>\n<meta name=\"description\" content=\"Bienvenue chez Wondermariette. Nous sommes une marque de mode nostalgique utilisant des mati\u00e8res naturelles pour sublimer les femmes.\" \/>\n<meta name=\"robots\" content=\"index, follow, max-snippet:-1, max-image-preview:large, max-video-preview:-1\" \/>\n<link rel=\"canonical\" href=\"https:\/\/wondermariette.com\/\" \/>\n<meta property=\"og:locale\" content=\"en_US\" \/>\n<meta property=\"og:type\" content=\"article\" \/>\n<meta property=\"og:title\" content=\"Wondermariette\" \/>\n<meta property=\"og:description\" content=\"Bienvenue chez Wondermariette. Nous sommes une marque de mode nostalgique utilisant des mati\u00e8res naturelles pour sublimer les femmes.\" \/>\n<meta property=\"og:url\" content=\"https:\/\/wondermariette.com\/\" \/>\n<meta property=\"og:site_name\" content=\"WonderMariette\" \/>\n<meta property=\"article:modified_time\" content=\"2023-09-19T18:00:59+00:00\" \/>\n<meta name=\"twitter:card\" content=\"summary_large_image\" \/>\n<meta name=\"twitter:label1\" content=\"Est. reading time\" \/>\n\t<meta name=\"twitter:data1\" content=\"1 minute\" \/>\n<script type=\"application\/ld+json\" class=\"yoast-schema-graph\">{\"@context\":\"https:\/\/schema.org\",\"@graph\":[{\"@type\":\"WebPage\",\"@id\":\"https:\/\/wondermariette.com\/\",\"url\":\"https:\/\/wondermariette.com\/\",\"name\":\"Wondermariette\",\"isPartOf\":{\"@id\":\"https:\/\/wondermariette.com\/#website\"},\"datePublished\":\"2023-06-26T18:32:37+00:00\",\"dateModified\":\"2023-09-19T18:00:59+00:00\",\"description\":\"Bienvenue chez Wondermariette. Nous sommes une marque de mode nostalgique utilisant des mati\u00e8res naturelles pour sublimer les femmes.\",\"breadcrumb\":{\"@id\":\"https:\/\/wondermariette.com\/#breadcrumb\"},\"inLanguage\":\"en-US\",\"potentialAction\":[{\"@type\":\"ReadAction\",\"target\":[\"https:\/\/wondermariette.com\/\"]}]},{\"@type\":\"BreadcrumbList\",\"@id\":\"https:\/\/wondermariette.com\/#breadcrumb\",\"itemListElement\":[{\"@type\":\"ListItem\",\"position\":1,\"name\":\"Accueil\",\"item\":\"https:\/\/wondermariette.com\/\"},{\"@type\":\"ListItem\",\"position\":2,\"name\":\"Accueil\"}]},{\"@type\":\"WebSite\",\"@id\":\"https:\/\/wondermariette.com\/#website\",\"url\":\"https:\/\/wondermariette.com\/\",\"name\":\"WonderMariette\",\"description\":\"Merveilles du pass\u00e9, des tiroirs et de la nature\",\"potentialAction\":[{\"@type\":\"SearchAction\",\"target\":{\"@type\":\"EntryPoint\",\"urlTemplate\":\"https:\/\/wondermariette.com\/?s={search_term_string}\"},\"query-input\":\"required name=search_term_string\"}],\"inLanguage\":\"en-US\"}]}<\/script>\n<!-- \/ Yoast SEO plugin. -->","yoast_head_json":{"title":"Wondermariette","description":"Bienvenue chez Wondermariette. Nous sommes une marque de mode nostalgique utilisant des mati\u00e8res naturelles pour sublimer les femmes.","robots":{"index":"index","follow":"follow","max-snippet":"max-snippet:-1","max-image-preview":"max-image-preview:large","max-video-preview":"max-video-preview:-1"},"canonical":"https:\/\/wondermariette.com\/","og_locale":"en_US","og_type":"article","og_title":"Wondermariette","og_description":"Bienvenue chez Wondermariette. Nous sommes une marque de mode nostalgique utilisant des mati\u00e8res naturelles pour sublimer les femmes.","og_url":"https:\/\/wondermariette.com\/","og_site_name":"WonderMariette","article_modified_time":"2023-09-19T18:00:59+00:00","twitter_card":"summary_large_image","twitter_misc":{"Est. reading time":"1 minute"},"schema":{"@context":"https:\/\/schema.org","@graph":[{"@type":"WebPage","@id":"https:\/\/wondermariette.com\/","url":"https:\/\/wondermariette.com\/","name":"Wondermariette","isPartOf":{"@id":"https:\/\/wondermariette.com\/#website"},"datePublished":"2023-06-26T18:32:37+00:00","dateModified":"2023-09-19T18:00:59+00:00","description":"Bienvenue chez Wondermariette. Nous sommes une marque de mode nostalgique utilisant des mati\u00e8res naturelles pour sublimer les femmes.","breadcrumb":{"@id":"https:\/\/wondermariette.com\/#breadcrumb"},"inLanguage":"en-US","potentialAction":[{"@type":"ReadAction","target":["https:\/\/wondermariette.com\/"]}]},{"@type":"BreadcrumbList","@id":"https:\/\/wondermariette.com\/#breadcrumb","itemListElement":[{"@type":"ListItem","position":1,"name":"Accueil","item":"https:\/\/wondermariette.com\/"},{"@type":"ListItem","position":2,"name":"Accueil"}]},{"@type":"WebSite","@id":"https:\/\/wondermariette.com\/#website","url":"https:\/\/wondermariette.com\/","name":"WonderMariette","description":"Merveilles du pass\u00e9, des tiroirs et de la nature","potentialAction":[{"@type":"SearchAction","target":{"@type":"EntryPoint","urlTemplate":"https:\/\/wondermariette.com\/?s={search_term_string}"},"query-input":"required name=search_term_string"}],"inLanguage":"en-US"}]}},"_links":{"self":[{"href":"https:\/\/wondermariette.com\/index.php\/wp-json\/wp\/v2\/pages\/62","targetHints":{"allow":["GET"]}}],"collection":[{"href":"https:\/\/wondermariette.com\/index.php\/wp-json\/wp\/v2\/pages"}],"about":[{"href":"https:\/\/wondermariette.com\/index.php\/wp-json\/wp\/v2\/types\/page"}],"author":[{"embeddable":true,"href":"https:\/\/wondermariette.com\/index.php\/wp-json\/wp\/v2\/users\/1"}],"replies":[{"embeddable":true,"href":"https:\/\/wondermariette.com\/index.php\/wp-json\/wp\/v2\/comments?post=62"}],"version-history":[{"count":38,"href":"https:\/\/wondermariette.com\/index.php\/wp-json\/wp\/v2\/pages\/62\/revisions"}],"predecessor-version":[{"id":361,"href":"https:\/\/wondermariette.com\/index.php\/wp-json\/wp\/v2\/pages\/62\/revisions\/361"}],"wp:attachment":[{"href":"https:\/\/wondermariette.com\/index.php\/wp-json\/wp\/v2\/media?parent=62"}],"curies":[{"name":"wp","href":"https:\/\/api.w.org\/{rel}","templated":true}]}}