{"id":190,"date":"2023-08-02T23:28:16","date_gmt":"2023-08-02T21:28:16","guid":{"rendered":"http:\/\/wondermariette.com\/?page_id=190"},"modified":"2023-09-19T20:04:11","modified_gmt":"2023-09-19T18:04:11","slug":"manifeste-wondermariette","status":"publish","type":"page","link":"https:\/\/wondermariette.com\/index.php\/manifeste-wondermariette\/","title":{"rendered":"Manifeste"},"content":{"rendered":"\t\t<div data-elementor-type=\"wp-page\" data-elementor-id=\"190\" class=\"elementor elementor-190\">\n\t\t\t\t\t\t<section class=\"elementor-section elementor-top-section elementor-element elementor-element-d4fd0e9 elementor-section-boxed elementor-section-height-default elementor-section-height-default wpr-particle-no wpr-jarallax-no wpr-parallax-no wpr-sticky-section-no\" data-id=\"d4fd0e9\" data-element_type=\"section\" data-e-type=\"section\">\n\t\t\t\t\t\t<div class=\"elementor-container elementor-column-gap-default\">\n\t\t\t\t\t<div class=\"elementor-column elementor-col-50 elementor-top-column elementor-element elementor-element-35e4f9d animated-slow elementor-invisible\" data-id=\"35e4f9d\" data-element_type=\"column\" data-e-type=\"column\" data-settings=\"{&quot;background_background&quot;:&quot;classic&quot;,&quot;animation&quot;:&quot;slideInLeft&quot;,&quot;animation_delay&quot;:2000}\">\n\t\t\t<div class=\"elementor-widget-wrap elementor-element-populated\">\n\t\t\t\t\t\t<div class=\"elementor-element elementor-element-46a136d elementor-widget elementor-widget-text-editor\" data-id=\"46a136d\" data-element_type=\"widget\" data-e-type=\"widget\" data-widget_type=\"text-editor.default\">\n\t\t\t\t<div class=\"elementor-widget-container\">\n\t\t\t\t\t\t\t\t\t<p class=\"MsoNormal\" style=\"margin: 0cm; font-size: medium; font-family: Calibri, sans-serif; caret-color: #000000; color: #000000; text-align: justify;\"><i><span style=\"font-size: 11pt;\">&nbsp;<\/span><\/i><\/p>\n<p class=\"MsoNormal\" style=\"margin: 0cm; font-size: medium; font-family: Calibri, sans-serif; caret-color: #000000; color: #000000; text-align: justify;\"><i style=\"letter-spacing: var(--bodyletterspacing); text-transform: var(--bodytexttransform);\"><span style=\"font-size: 11pt;\">&#8220;Dans cette maison, il y a mes souvenirs, des photos perdues et de tr\u00e9sors cach\u00e9s dans les tiroirs. Il y a des accessoires de mode retrouv\u00e9s dans son armoire des ann\u00e9es 40, sa petite armoire en bois sculpt\u00e9 o\u00f9 se pose un miroir, et moi, dans ce reflet qui voit mon h\u00e9ritage appara\u00eetre et les vies de mes a\u00efeules d\u00e9filer devant moi. Il y a son jardin aussi, en d\u00e9sordre, sauvage, espi\u00e8gle mais si beau. Des fuchsias pendent \u00e0 l\u2019arbre bien trop grand pour la petite cour emmur\u00e9e. Il y a des pav\u00e9s aussi, menant \u00e0 la grande route o\u00f9 un destin diff\u00e9rent est peut-\u00eatre possible. Elle enfin, qui sera toujours assise sur ce muret, attendant peut-\u00eatre une autre vie avec la furieuse envie d\u2019emprunter cette voie bitum\u00e9e et br\u00fblante avec sa mobylette et ne jamais revenir. Ou peut-\u00eatre admire-t-elle seulement l\u2019\u00e9tendue immense des champs devant elle&nbsp;?&nbsp;<\/span><\/i><\/p>\n<p class=\"MsoNormal\" style=\"margin: 0cm; font-size: medium; font-family: Calibri, sans-serif; caret-color: #000000; color: #000000; text-align: justify;\"><i><span style=\"font-size: 11pt;\">Je t\u2019emm\u00e8ne avec moi grand-m\u00e8re, ou peut-\u00eatre est-ce toi qui m\u2019emm\u00e8nes?&nbsp;<\/span><\/i><i style=\"letter-spacing: var(--bodyletterspacing); text-transform: var(--bodytexttransform);\"><span style=\"font-size: 11pt;\">Montre-moi les d\u00e9cennies que tu as travers\u00e9es et je t\u2019offrirai la vie que tu aurais souhait\u00e9e, par\u00e9e de mille plumes de ta basse-cour et des perles abandonn\u00e9es dans tes tiroirs. Je ferai de toi une reine et tu feras de moi une femme libre mais enracin\u00e9e.&nbsp;<\/span><\/i><i style=\"font-size: var(--bodyfontsize); letter-spacing: var(--bodyletterspacing); text-transform: var(--bodytexttransform); font-family: var( --e-global-typography-text-font-family ), Sans-serif;\"><span style=\"font-size: 11pt; font-family: Calibri, sans-serif;\">Nous reviendrons peut-\u00eatre, de temps en temps, contempler le spectacle mais je t\u2019assure que le soleil ne fera plus aussi mal&#8221;<\/span><\/i><\/p>\t\t\t\t\t\t\t\t<\/div>\n\t\t\t\t<\/div>\n\t\t\t\t\t<\/div>\n\t\t<\/div>\n\t\t\t\t<div class=\"elementor-column elementor-col-50 elementor-top-column elementor-element elementor-element-ed9277d animated-slow elementor-invisible\" data-id=\"ed9277d\" data-element_type=\"column\" data-e-type=\"column\" data-settings=\"{&quot;animation&quot;:&quot;slideInRight&quot;}\">\n\t\t\t<div class=\"elementor-widget-wrap elementor-element-populated\">\n\t\t\t\t\t\t<div class=\"elementor-element elementor-element-ec369cb elementor-widget elementor-widget-image\" data-id=\"ec369cb\" data-element_type=\"widget\" data-e-type=\"widget\" data-widget_type=\"image.default\">\n\t\t\t\t<div class=\"elementor-widget-container\">\n\t\t\t\t\t\t\t\t\t\t\t\t\t\t\t<img fetchpriority=\"high\" decoding=\"async\" width=\"768\" height=\"1024\" src=\"https:\/\/wondermariette.com\/wp-content\/uploads\/2023\/06\/IMG_2942-768x1024.jpg\" class=\"attachment-large size-large wp-image-19\" alt=\"\" srcset=\"https:\/\/wondermariette.com\/wp-content\/uploads\/2023\/06\/IMG_2942-768x1024.jpg 768w, https:\/\/wondermariette.com\/wp-content\/uploads\/2023\/06\/IMG_2942-225x300.jpg 225w, https:\/\/wondermariette.com\/wp-content\/uploads\/2023\/06\/IMG_2942-1152x1536.jpg 1152w, https:\/\/wondermariette.com\/wp-content\/uploads\/2023\/06\/IMG_2942-1536x2048.jpg 1536w, https:\/\/wondermariette.com\/wp-content\/uploads\/2023\/06\/IMG_2942-scaled.jpg 1920w\" sizes=\"(max-width: 768px) 100vw, 768px\" \/>\t\t\t\t\t\t\t\t\t\t\t\t\t\t\t<\/div>\n\t\t\t\t<\/div>\n\t\t\t\t\t<\/div>\n\t\t<\/div>\n\t\t\t\t\t<\/div>\n\t\t<\/section>\n\t\t\t\t<\/div>\n\t\t","protected":false},"excerpt":{"rendered":"<p>&nbsp; &#8220;Dans cette maison, il y a mes souvenirs, des photos perdues et de tr\u00e9sors cach\u00e9s dans les tiroirs. Il y a des accessoires de mode retrouv\u00e9s dans son armoire des ann\u00e9es 40, sa petite armoire en bois sculpt\u00e9 o\u00f9 se pose un miroir, et moi, dans ce reflet qui voit mon h\u00e9ritage appara\u00eetre et&hellip;&nbsp;<a href=\"https:\/\/wondermariette.com\/index.php\/manifeste-wondermariette\/\" class=\"\" rel=\"bookmark\">Read More &raquo;<span class=\"screen-reader-text\">Manifeste<\/span><\/a><\/p>\n","protected":false},"author":1,"featured_media":0,"parent":0,"menu_order":0,"comment_status":"closed","ping_status":"closed","template":"page-templates\/template-pagebuilder-full-width.php","meta":{"neve_meta_sidebar":"","neve_meta_container":"","neve_meta_enable_content_width":"","neve_meta_content_width":0,"neve_meta_title_alignment":"","neve_meta_author_avatar":"","neve_post_elements_order":"","neve_meta_disable_header":"","neve_meta_disable_footer":"on","neve_meta_disable_title":"","footnotes":""},"class_list":["post-190","page","type-page","status-publish","hentry"],"yoast_head":"<!-- This site is optimized with the Yoast SEO plugin v20.9 - https:\/\/yoast.com\/wordpress\/plugins\/seo\/ -->\n<title>Manifeste WonderMariette<\/title>\n<meta name=\"description\" content=\"Un manifeste par del\u00e0 les g\u00e9n\u00e9rations, une d\u00e9claration peut-\u00eatre. Le manifeste de l&#039;existence de Wondermariette\" \/>\n<meta name=\"robots\" content=\"index, follow, max-snippet:-1, max-image-preview:large, max-video-preview:-1\" \/>\n<link rel=\"canonical\" href=\"https:\/\/wondermariette.com\/index.php\/manifeste-wondermariette\/\" \/>\n<meta property=\"og:locale\" content=\"en_US\" \/>\n<meta property=\"og:type\" content=\"article\" \/>\n<meta property=\"og:title\" content=\"Manifeste WonderMariette\" \/>\n<meta property=\"og:description\" content=\"Un manifeste par del\u00e0 les g\u00e9n\u00e9rations, une d\u00e9claration peut-\u00eatre. Le manifeste de l&#039;existence de Wondermariette\" \/>\n<meta property=\"og:url\" content=\"https:\/\/wondermariette.com\/index.php\/manifeste-wondermariette\/\" \/>\n<meta property=\"og:site_name\" content=\"WonderMariette\" \/>\n<meta property=\"article:modified_time\" content=\"2023-09-19T18:04:11+00:00\" \/>\n<meta property=\"og:image\" content=\"http:\/\/wondermariette.com\/wp-content\/uploads\/2023\/06\/IMG_2942-768x1024.jpg\" \/>\n<meta name=\"twitter:card\" content=\"summary_large_image\" \/>\n<meta name=\"twitter:label1\" content=\"Est. reading time\" \/>\n\t<meta name=\"twitter:data1\" content=\"2 minutes\" \/>\n<script type=\"application\/ld+json\" class=\"yoast-schema-graph\">{\"@context\":\"https:\/\/schema.org\",\"@graph\":[{\"@type\":\"WebPage\",\"@id\":\"https:\/\/wondermariette.com\/index.php\/manifeste-wondermariette\/\",\"url\":\"https:\/\/wondermariette.com\/index.php\/manifeste-wondermariette\/\",\"name\":\"Manifeste WonderMariette\",\"isPartOf\":{\"@id\":\"https:\/\/wondermariette.com\/#website\"},\"datePublished\":\"2023-08-02T21:28:16+00:00\",\"dateModified\":\"2023-09-19T18:04:11+00:00\",\"description\":\"Un manifeste par del\u00e0 les g\u00e9n\u00e9rations, une d\u00e9claration peut-\u00eatre. Le manifeste de l'existence de Wondermariette\",\"breadcrumb\":{\"@id\":\"https:\/\/wondermariette.com\/index.php\/manifeste-wondermariette\/#breadcrumb\"},\"inLanguage\":\"en-US\",\"potentialAction\":[{\"@type\":\"ReadAction\",\"target\":[\"https:\/\/wondermariette.com\/index.php\/manifeste-wondermariette\/\"]}]},{\"@type\":\"BreadcrumbList\",\"@id\":\"https:\/\/wondermariette.com\/index.php\/manifeste-wondermariette\/#breadcrumb\",\"itemListElement\":[{\"@type\":\"ListItem\",\"position\":1,\"name\":\"Accueil\",\"item\":\"https:\/\/wondermariette.com\/\"},{\"@type\":\"ListItem\",\"position\":2,\"name\":\"Manifeste\"}]},{\"@type\":\"WebSite\",\"@id\":\"https:\/\/wondermariette.com\/#website\",\"url\":\"https:\/\/wondermariette.com\/\",\"name\":\"WonderMariette\",\"description\":\"Merveilles du pass\u00e9, des tiroirs et de la nature\",\"potentialAction\":[{\"@type\":\"SearchAction\",\"target\":{\"@type\":\"EntryPoint\",\"urlTemplate\":\"https:\/\/wondermariette.com\/?s={search_term_string}\"},\"query-input\":\"required name=search_term_string\"}],\"inLanguage\":\"en-US\"}]}<\/script>\n<!-- \/ Yoast SEO plugin. -->","yoast_head_json":{"title":"Manifeste WonderMariette","description":"Un manifeste par del\u00e0 les g\u00e9n\u00e9rations, une d\u00e9claration peut-\u00eatre. Le manifeste de l'existence de Wondermariette","robots":{"index":"index","follow":"follow","max-snippet":"max-snippet:-1","max-image-preview":"max-image-preview:large","max-video-preview":"max-video-preview:-1"},"canonical":"https:\/\/wondermariette.com\/index.php\/manifeste-wondermariette\/","og_locale":"en_US","og_type":"article","og_title":"Manifeste WonderMariette","og_description":"Un manifeste par del\u00e0 les g\u00e9n\u00e9rations, une d\u00e9claration peut-\u00eatre. Le manifeste de l'existence de Wondermariette","og_url":"https:\/\/wondermariette.com\/index.php\/manifeste-wondermariette\/","og_site_name":"WonderMariette","article_modified_time":"2023-09-19T18:04:11+00:00","og_image":[{"url":"http:\/\/wondermariette.com\/wp-content\/uploads\/2023\/06\/IMG_2942-768x1024.jpg"}],"twitter_card":"summary_large_image","twitter_misc":{"Est. reading time":"2 minutes"},"schema":{"@context":"https:\/\/schema.org","@graph":[{"@type":"WebPage","@id":"https:\/\/wondermariette.com\/index.php\/manifeste-wondermariette\/","url":"https:\/\/wondermariette.com\/index.php\/manifeste-wondermariette\/","name":"Manifeste WonderMariette","isPartOf":{"@id":"https:\/\/wondermariette.com\/#website"},"datePublished":"2023-08-02T21:28:16+00:00","dateModified":"2023-09-19T18:04:11+00:00","description":"Un manifeste par del\u00e0 les g\u00e9n\u00e9rations, une d\u00e9claration peut-\u00eatre. Le manifeste de l'existence de Wondermariette","breadcrumb":{"@id":"https:\/\/wondermariette.com\/index.php\/manifeste-wondermariette\/#breadcrumb"},"inLanguage":"en-US","potentialAction":[{"@type":"ReadAction","target":["https:\/\/wondermariette.com\/index.php\/manifeste-wondermariette\/"]}]},{"@type":"BreadcrumbList","@id":"https:\/\/wondermariette.com\/index.php\/manifeste-wondermariette\/#breadcrumb","itemListElement":[{"@type":"ListItem","position":1,"name":"Accueil","item":"https:\/\/wondermariette.com\/"},{"@type":"ListItem","position":2,"name":"Manifeste"}]},{"@type":"WebSite","@id":"https:\/\/wondermariette.com\/#website","url":"https:\/\/wondermariette.com\/","name":"WonderMariette","description":"Merveilles du pass\u00e9, des tiroirs et de la nature","potentialAction":[{"@type":"SearchAction","target":{"@type":"EntryPoint","urlTemplate":"https:\/\/wondermariette.com\/?s={search_term_string}"},"query-input":"required name=search_term_string"}],"inLanguage":"en-US"}]}},"_links":{"self":[{"href":"https:\/\/wondermariette.com\/index.php\/wp-json\/wp\/v2\/pages\/190","targetHints":{"allow":["GET"]}}],"collection":[{"href":"https:\/\/wondermariette.com\/index.php\/wp-json\/wp\/v2\/pages"}],"about":[{"href":"https:\/\/wondermariette.com\/index.php\/wp-json\/wp\/v2\/types\/page"}],"author":[{"embeddable":true,"href":"https:\/\/wondermariette.com\/index.php\/wp-json\/wp\/v2\/users\/1"}],"replies":[{"embeddable":true,"href":"https:\/\/wondermariette.com\/index.php\/wp-json\/wp\/v2\/comments?post=190"}],"version-history":[{"count":22,"href":"https:\/\/wondermariette.com\/index.php\/wp-json\/wp\/v2\/pages\/190\/revisions"}],"predecessor-version":[{"id":364,"href":"https:\/\/wondermariette.com\/index.php\/wp-json\/wp\/v2\/pages\/190\/revisions\/364"}],"wp:attachment":[{"href":"https:\/\/wondermariette.com\/index.php\/wp-json\/wp\/v2\/media?parent=190"}],"curies":[{"name":"wp","href":"https:\/\/api.w.org\/{rel}","templated":true}]}}