{"id":122,"date":"2023-08-02T20:37:29","date_gmt":"2023-08-02T18:37:29","guid":{"rendered":"http:\/\/wondermariette.com\/?page_id=122"},"modified":"2023-08-03T02:29:24","modified_gmt":"2023-08-03T00:29:24","slug":"nos-declarations-damour","status":"publish","type":"page","link":"https:\/\/wondermariette.com\/index.php\/nos-declarations-damour\/","title":{"rendered":"Nos d\u00e9clarations d&#8217;amour"},"content":{"rendered":"\t\t<div data-elementor-type=\"wp-page\" data-elementor-id=\"122\" class=\"elementor elementor-122\">\n\t\t\t\t\t\t<section class=\"elementor-section elementor-top-section elementor-element elementor-element-830bb83 elementor-section-boxed elementor-section-height-default elementor-section-height-default wpr-particle-no wpr-jarallax-no wpr-parallax-no wpr-sticky-section-no\" data-id=\"830bb83\" data-element_type=\"section\" data-e-type=\"section\">\n\t\t\t\t\t\t<div class=\"elementor-container elementor-column-gap-default\">\n\t\t\t\t\t<div class=\"elementor-column elementor-col-33 elementor-top-column elementor-element elementor-element-24a9984 elementor-invisible\" data-id=\"24a9984\" data-element_type=\"column\" data-e-type=\"column\" data-settings=\"{&quot;background_background&quot;:&quot;classic&quot;,&quot;animation&quot;:&quot;zoomIn&quot;}\">\n\t\t\t<div class=\"elementor-widget-wrap elementor-element-populated\">\n\t\t\t\t\t<div class=\"elementor-background-overlay\"><\/div>\n\t\t\t\t\t\t<div class=\"elementor-element elementor-element-947b76b elementor-widget elementor-widget-heading\" data-id=\"947b76b\" data-element_type=\"widget\" data-e-type=\"widget\" data-widget_type=\"heading.default\">\n\t\t\t\t<div class=\"elementor-widget-container\">\n\t\t\t\t\t<h2 class=\"elementor-heading-title elementor-size-default\"><br><br><br><br><br><br><br><br><br><br><br><br><br><br><br><br><br><br><br><br><br><br>MATIERES<br><br><\/h2>\t\t\t\t<\/div>\n\t\t\t\t<\/div>\n\t\t\t\t<div class=\"elementor-element elementor-element-7ac4b09 elementor-align-center elementor-widget elementor-widget-button\" data-id=\"7ac4b09\" data-element_type=\"widget\" data-e-type=\"widget\" data-widget_type=\"button.default\">\n\t\t\t\t<div class=\"elementor-widget-container\">\n\t\t\t\t\t\t\t\t\t<div class=\"elementor-button-wrapper\">\n\t\t\t\t\t<a class=\"elementor-button elementor-button-link elementor-size-sm\" href=\"http:\/\/wondermariette.com\/index.php\/category\/matieres\/\">\n\t\t\t\t\t\t<span class=\"elementor-button-content-wrapper\">\n\t\t\t\t\t\t\t\t\t<span class=\"elementor-button-text\">D\u00e9couvrir <\/span>\n\t\t\t\t\t<\/span>\n\t\t\t\t\t<\/a>\n\t\t\t\t<\/div>\n\t\t\t\t\t\t\t\t<\/div>\n\t\t\t\t<\/div>\n\t\t\t\t\t<\/div>\n\t\t<\/div>\n\t\t\t\t<div class=\"elementor-column elementor-col-33 elementor-top-column elementor-element elementor-element-d6e201f elementor-invisible\" data-id=\"d6e201f\" data-element_type=\"column\" data-e-type=\"column\" data-settings=\"{&quot;background_background&quot;:&quot;classic&quot;,&quot;animation&quot;:&quot;zoomIn&quot;}\">\n\t\t\t<div class=\"elementor-widget-wrap elementor-element-populated\">\n\t\t\t\t\t<div class=\"elementor-background-overlay\"><\/div>\n\t\t\t\t\t\t<div class=\"elementor-element elementor-element-4c2c5e1 elementor-widget elementor-widget-heading\" data-id=\"4c2c5e1\" data-element_type=\"widget\" data-e-type=\"widget\" data-widget_type=\"heading.default\">\n\t\t\t\t<div class=\"elementor-widget-container\">\n\t\t\t\t\t<h2 class=\"elementor-heading-title elementor-size-default\"><br><br><br><br><br><br><br><br><br><br><br><br><br><br><br><br><br><br><br><br><br><br>DECENNIES PASSEES<br><br><\/h2>\t\t\t\t<\/div>\n\t\t\t\t<\/div>\n\t\t\t\t<div class=\"elementor-element elementor-element-1d5d0b0 elementor-align-center elementor-widget elementor-widget-button\" data-id=\"1d5d0b0\" data-element_type=\"widget\" data-e-type=\"widget\" data-widget_type=\"button.default\">\n\t\t\t\t<div class=\"elementor-widget-container\">\n\t\t\t\t\t\t\t\t\t<div class=\"elementor-button-wrapper\">\n\t\t\t\t\t<a class=\"elementor-button elementor-button-link elementor-size-sm\" href=\"http:\/\/wondermariette.com\/index.php\/category\/decennies-passees\/\">\n\t\t\t\t\t\t<span class=\"elementor-button-content-wrapper\">\n\t\t\t\t\t\t\t\t\t<span class=\"elementor-button-text\">D\u00e9couvrir <\/span>\n\t\t\t\t\t<\/span>\n\t\t\t\t\t<\/a>\n\t\t\t\t<\/div>\n\t\t\t\t\t\t\t\t<\/div>\n\t\t\t\t<\/div>\n\t\t\t\t\t<\/div>\n\t\t<\/div>\n\t\t\t\t<div class=\"elementor-column elementor-col-33 elementor-top-column elementor-element elementor-element-e8df8e3 elementor-invisible\" data-id=\"e8df8e3\" data-element_type=\"column\" data-e-type=\"column\" data-settings=\"{&quot;background_background&quot;:&quot;classic&quot;,&quot;animation&quot;:&quot;zoomIn&quot;}\">\n\t\t\t<div class=\"elementor-widget-wrap elementor-element-populated\">\n\t\t\t\t\t<div class=\"elementor-background-overlay\"><\/div>\n\t\t\t\t\t\t<div class=\"elementor-element elementor-element-70ba695 elementor-widget elementor-widget-heading\" data-id=\"70ba695\" data-element_type=\"widget\" data-e-type=\"widget\" data-widget_type=\"heading.default\">\n\t\t\t\t<div class=\"elementor-widget-container\">\n\t\t\t\t\t<h2 class=\"elementor-heading-title elementor-size-default\"><br><br><br><br><br><br><br><br><br><br><br><br><br><br><br><br><br><br><br><br><br><br>SAVOIR-FAIRE<br><br><\/h2>\t\t\t\t<\/div>\n\t\t\t\t<\/div>\n\t\t\t\t<div class=\"elementor-element elementor-element-249b8d9 elementor-align-center elementor-widget elementor-widget-button\" data-id=\"249b8d9\" data-element_type=\"widget\" data-e-type=\"widget\" data-widget_type=\"button.default\">\n\t\t\t\t<div class=\"elementor-widget-container\">\n\t\t\t\t\t\t\t\t\t<div class=\"elementor-button-wrapper\">\n\t\t\t\t\t<a class=\"elementor-button elementor-button-link elementor-size-sm\" href=\"http:\/\/wondermariette.com\/index.php\/category\/savoir-faire\/\">\n\t\t\t\t\t\t<span class=\"elementor-button-content-wrapper\">\n\t\t\t\t\t\t\t\t\t<span class=\"elementor-button-text\">D\u00e9couvrir <\/span>\n\t\t\t\t\t<\/span>\n\t\t\t\t\t<\/a>\n\t\t\t\t<\/div>\n\t\t\t\t\t\t\t\t<\/div>\n\t\t\t\t<\/div>\n\t\t\t\t\t<\/div>\n\t\t<\/div>\n\t\t\t\t\t<\/div>\n\t\t<\/section>\n\t\t\t\t<\/div>\n\t\t","protected":false},"excerpt":{"rendered":"<p>MATIERES D\u00e9couvrir DECENNIES PASSEES D\u00e9couvrir SAVOIR-FAIRE D\u00e9couvrir<\/p>\n","protected":false},"author":1,"featured_media":0,"parent":0,"menu_order":0,"comment_status":"closed","ping_status":"closed","template":"page-templates\/template-pagebuilder-full-width.php","meta":{"neve_meta_sidebar":"","neve_meta_container":"","neve_meta_enable_content_width":"","neve_meta_content_width":0,"neve_meta_title_alignment":"","neve_meta_author_avatar":"","neve_post_elements_order":"","neve_meta_disable_header":"","neve_meta_disable_footer":"on","neve_meta_disable_title":"on","footnotes":""},"class_list":["post-122","page","type-page","status-publish","hentry"],"yoast_head":"<!-- This site is optimized with the Yoast SEO plugin v20.9 - https:\/\/yoast.com\/wordpress\/plugins\/seo\/ -->\n<title>Nos d\u00e9clarations d&#039;amour - WonderMariette<\/title>\n<meta name=\"robots\" content=\"index, follow, max-snippet:-1, max-image-preview:large, max-video-preview:-1\" \/>\n<link rel=\"canonical\" href=\"https:\/\/wondermariette.com\/index.php\/nos-declarations-damour\/\" \/>\n<meta property=\"og:locale\" content=\"en_US\" \/>\n<meta property=\"og:type\" content=\"article\" \/>\n<meta property=\"og:title\" content=\"Nos d\u00e9clarations d&#039;amour - WonderMariette\" \/>\n<meta property=\"og:description\" content=\"MATIERES D\u00e9couvrir DECENNIES PASSEES D\u00e9couvrir SAVOIR-FAIRE D\u00e9couvrir\" \/>\n<meta property=\"og:url\" content=\"https:\/\/wondermariette.com\/index.php\/nos-declarations-damour\/\" \/>\n<meta property=\"og:site_name\" content=\"WonderMariette\" \/>\n<meta property=\"article:modified_time\" content=\"2023-08-03T00:29:24+00:00\" \/>\n<meta name=\"twitter:card\" content=\"summary_large_image\" \/>\n<meta name=\"twitter:label1\" content=\"Est. reading time\" \/>\n\t<meta name=\"twitter:data1\" content=\"1 minute\" \/>\n<script type=\"application\/ld+json\" class=\"yoast-schema-graph\">{\"@context\":\"https:\/\/schema.org\",\"@graph\":[{\"@type\":\"WebPage\",\"@id\":\"https:\/\/wondermariette.com\/index.php\/nos-declarations-damour\/\",\"url\":\"https:\/\/wondermariette.com\/index.php\/nos-declarations-damour\/\",\"name\":\"Nos d\u00e9clarations d'amour - WonderMariette\",\"isPartOf\":{\"@id\":\"https:\/\/wondermariette.com\/#website\"},\"datePublished\":\"2023-08-02T18:37:29+00:00\",\"dateModified\":\"2023-08-03T00:29:24+00:00\",\"breadcrumb\":{\"@id\":\"https:\/\/wondermariette.com\/index.php\/nos-declarations-damour\/#breadcrumb\"},\"inLanguage\":\"en-US\",\"potentialAction\":[{\"@type\":\"ReadAction\",\"target\":[\"https:\/\/wondermariette.com\/index.php\/nos-declarations-damour\/\"]}]},{\"@type\":\"BreadcrumbList\",\"@id\":\"https:\/\/wondermariette.com\/index.php\/nos-declarations-damour\/#breadcrumb\",\"itemListElement\":[{\"@type\":\"ListItem\",\"position\":1,\"name\":\"Accueil\",\"item\":\"https:\/\/wondermariette.com\/\"},{\"@type\":\"ListItem\",\"position\":2,\"name\":\"Nos d\u00e9clarations d&rsquo;amour\"}]},{\"@type\":\"WebSite\",\"@id\":\"https:\/\/wondermariette.com\/#website\",\"url\":\"https:\/\/wondermariette.com\/\",\"name\":\"WonderMariette\",\"description\":\"Merveilles du pass\u00e9, des tiroirs et de la nature\",\"potentialAction\":[{\"@type\":\"SearchAction\",\"target\":{\"@type\":\"EntryPoint\",\"urlTemplate\":\"https:\/\/wondermariette.com\/?s={search_term_string}\"},\"query-input\":\"required name=search_term_string\"}],\"inLanguage\":\"en-US\"}]}<\/script>\n<!-- \/ Yoast SEO plugin. -->","yoast_head_json":{"title":"Nos d\u00e9clarations d'amour - WonderMariette","robots":{"index":"index","follow":"follow","max-snippet":"max-snippet:-1","max-image-preview":"max-image-preview:large","max-video-preview":"max-video-preview:-1"},"canonical":"https:\/\/wondermariette.com\/index.php\/nos-declarations-damour\/","og_locale":"en_US","og_type":"article","og_title":"Nos d\u00e9clarations d'amour - WonderMariette","og_description":"MATIERES D\u00e9couvrir DECENNIES PASSEES D\u00e9couvrir SAVOIR-FAIRE D\u00e9couvrir","og_url":"https:\/\/wondermariette.com\/index.php\/nos-declarations-damour\/","og_site_name":"WonderMariette","article_modified_time":"2023-08-03T00:29:24+00:00","twitter_card":"summary_large_image","twitter_misc":{"Est. reading time":"1 minute"},"schema":{"@context":"https:\/\/schema.org","@graph":[{"@type":"WebPage","@id":"https:\/\/wondermariette.com\/index.php\/nos-declarations-damour\/","url":"https:\/\/wondermariette.com\/index.php\/nos-declarations-damour\/","name":"Nos d\u00e9clarations d'amour - WonderMariette","isPartOf":{"@id":"https:\/\/wondermariette.com\/#website"},"datePublished":"2023-08-02T18:37:29+00:00","dateModified":"2023-08-03T00:29:24+00:00","breadcrumb":{"@id":"https:\/\/wondermariette.com\/index.php\/nos-declarations-damour\/#breadcrumb"},"inLanguage":"en-US","potentialAction":[{"@type":"ReadAction","target":["https:\/\/wondermariette.com\/index.php\/nos-declarations-damour\/"]}]},{"@type":"BreadcrumbList","@id":"https:\/\/wondermariette.com\/index.php\/nos-declarations-damour\/#breadcrumb","itemListElement":[{"@type":"ListItem","position":1,"name":"Accueil","item":"https:\/\/wondermariette.com\/"},{"@type":"ListItem","position":2,"name":"Nos d\u00e9clarations d&rsquo;amour"}]},{"@type":"WebSite","@id":"https:\/\/wondermariette.com\/#website","url":"https:\/\/wondermariette.com\/","name":"WonderMariette","description":"Merveilles du pass\u00e9, des tiroirs et de la nature","potentialAction":[{"@type":"SearchAction","target":{"@type":"EntryPoint","urlTemplate":"https:\/\/wondermariette.com\/?s={search_term_string}"},"query-input":"required name=search_term_string"}],"inLanguage":"en-US"}]}},"_links":{"self":[{"href":"https:\/\/wondermariette.com\/index.php\/wp-json\/wp\/v2\/pages\/122","targetHints":{"allow":["GET"]}}],"collection":[{"href":"https:\/\/wondermariette.com\/index.php\/wp-json\/wp\/v2\/pages"}],"about":[{"href":"https:\/\/wondermariette.com\/index.php\/wp-json\/wp\/v2\/types\/page"}],"author":[{"embeddable":true,"href":"https:\/\/wondermariette.com\/index.php\/wp-json\/wp\/v2\/users\/1"}],"replies":[{"embeddable":true,"href":"https:\/\/wondermariette.com\/index.php\/wp-json\/wp\/v2\/comments?post=122"}],"version-history":[{"count":39,"href":"https:\/\/wondermariette.com\/index.php\/wp-json\/wp\/v2\/pages\/122\/revisions"}],"predecessor-version":[{"id":307,"href":"https:\/\/wondermariette.com\/index.php\/wp-json\/wp\/v2\/pages\/122\/revisions\/307"}],"wp:attachment":[{"href":"https:\/\/wondermariette.com\/index.php\/wp-json\/wp\/v2\/media?parent=122"}],"curies":[{"name":"wp","href":"https:\/\/api.w.org\/{rel}","templated":true}]}}